{"id":1342,"date":"2023-06-29T10:40:57","date_gmt":"2023-06-29T15:40:57","guid":{"rendered":"https:\/\/sergiovargassierra.com\/?page_id=1342"},"modified":"2025-12-18T23:18:18","modified_gmt":"2025-12-19T04:18:18","slug":"politica-de-cookies","status":"publish","type":"page","link":"https:\/\/sergiovargassierra.com\/english\/politica-de-cookies\/","title":{"rendered":"Cookie Policy"},"content":{"rendered":"<div data-elementor-type=\"wp-page\" data-elementor-id=\"1342\" class=\"elementor elementor-1342\">\n\t\t\t\t\t\t<section class=\"elementor-section elementor-top-section elementor-element elementor-element-5965f298 elementor-section-boxed elementor-section-height-default elementor-section-height-default\" data-id=\"5965f298\" data-element_type=\"section\">\n\t\t\t\t\t\t<div class=\"elementor-container elementor-column-gap-default\">\n\t\t\t\t\t<div class=\"elementor-column elementor-col-100 elementor-top-column elementor-element elementor-element-29261aab\" data-id=\"29261aab\" data-element_type=\"column\">\n\t\t\t<div class=\"elementor-widget-wrap elementor-element-populated\">\n\t\t\t\t\t\t<div class=\"elementor-element elementor-element-55479ec9 elementor-widget elementor-widget-text-editor\" data-id=\"55479ec9\" data-element_type=\"widget\" data-widget_type=\"text-editor.default\">\n\t\t\t\t<div class=\"elementor-widget-container\">\n\t\t\t\t\t\t\t\t\t\n<p>En la Pol\u00edtica de Cookies de Sergio Vargas Sierra, cumplimos con avisarte que este sitio puede recolectar informaci\u00f3n en forma autom\u00e1tica al utilizar cookies, es por esto que solicitamos con confirmaci\u00f3n y te pedimos que leas atentamente tanto las pol\u00edticas de cookies como las pol\u00edticas de privacidad, para que puedas disfrutar del contenido con total tranquilidad.<br><br>En la Pol\u00edtica de Cookies de <strong><a href=\"https:\/\/sergiovargassierra.com\/english\/\" target=\"_blank\" rel=\"noreferrer noopener\">sergiovargassierra.com<\/a><\/strong>, buscamos ser trasparentes, para tu tranquilidad!<\/p>\n\n\n\n<h2 class=\"wp-block-heading\">\u00bfQu\u00e9 son las Cookies?<\/h2>\n\n\n\n<p>Las cookies constituyen una herramienta empleada por los servidores Web para almacenar y recuperar informaci\u00f3n acerca de sus visitantes. No es m\u00e1s que un fichero de texto que algunos servidores piden a nuestro navegador que escriba en nuestro disco duro, con informaci\u00f3n acerca de lo que hemos estado haciendo por sus p\u00e1ginas. Poseen una fecha de caducidad, que puede oscilar desde el tiempo que dure la sesi\u00f3n hasta una fecha futura especificada, a partir de la cual dejan de ser operativa.<\/p>\n\n\n\n<h2 class=\"wp-block-heading\"><strong>Para qu\u00e9 utilizamos cookies<\/strong><\/h2>\n\n\n\n<p><strong>Las cookies de esta web ayudan a:<\/strong><\/p>\n\n\n\n<ul class=\"wp-block-list\">\n<li>Hacer que esta web funcione correctamente<\/li>\n\n\n\n<li>Ahorrarle el tener que iniciar sesi\u00f3n cada vez que visitas este sitio<\/li>\n\n\n\n<li>Recordarte tus ajustes durante y entre las visitas<\/li>\n\n\n\n<li>Permitirte visualizar videos<\/li>\n\n\n\n<li>Mejorar la velocidad \/ seguridad del sitio<\/li>\n\n\n\n<li>Que pueda compartir p\u00e1ginas con redes sociales<\/li>\n\n\n\n<li>Mejorar continuamente de este sitio web<\/li>\n\n\n\n<li>Mostrarte anuncios en funci\u00f3n de tus h\u00e1bitos de navegaci\u00f3n.<\/li>\n<\/ul>\n\n\n\n<p><strong>No utilizare jam\u00e1s cookies para:<\/strong><\/p>\n\n\n\n<ul class=\"wp-block-list\">\n<li>Recoger informaci\u00f3n de identificaci\u00f3n personal (sin tu permiso expreso)<\/li>\n\n\n\n<li>Recoger informaci\u00f3n sensible (sin tu permiso expreso)<\/li>\n\n\n\n<li>Compartir datos de identificaci\u00f3n personal a terceros<\/li>\n<\/ul>\n\n\n\n<p>Como usuario, puedes rechazar el tratamiento de los datos o la informaci\u00f3n bloqueando estas cookies mediante la configuraci\u00f3n apropiada de tu navegador. Sin embargo, debes saber que, si lo haces, este sitio no funcione adecuadamente. Al entrar al sitio, si contin\u00faas navegando,&nbsp;<strong>estar\u00e1s prestando tu consentimiento<\/strong>&nbsp;para el empleo de las cookies que detallo a continuaci\u00f3n.<\/p>\n\n\n\n<h2 class=\"wp-block-heading\">Qu\u00e9 tipos de cookies podr\u00edan ser utilizadas.<\/h2>\n\n\n\n<h3 class=\"wp-block-heading\"><strong>Cookies propias:<\/strong><\/h3>\n\n\n\n<ul class=\"wp-block-list\">\n<li>Cookies de almacenamiento de sesi\u00f3n, para garantizar que los usuarios que escriban comentarios en el blog sean humanos y no aplicaciones automatizadas. De esta forma se combate el&nbsp;<em>spam<\/em>. Estas cookies se borran cuando dejas de navegar en nuestra web o, en el caso de tener la sesi\u00f3n activa, adem\u00e1s cierres sesi\u00f3n.<\/li>\n\n\n\n<li>Cookies de almacenamiento local: Para mantener sesiones abiertas y el propio consentimiento de cookies guardado.<\/li>\n\n\n\n<li>Otras cookies:<\/li>\n<\/ul>\n\n\n\n<p>Debes conocer que teniendo en cuenta la forma en la que funciona Internet y los sitios web,\u00a0no siempre es posible contar con informaci\u00f3n actualizada de todas las cookies que terceras partes puedan utilizar a trav\u00e9s de este sitio web, pero vamos a ofrecerte un listado lo m\u00e1s completo posible de las mismas y en caso de que lo consideres necesario, puedes revisarlas el candadito que est\u00e1 a la izquierda de la URL del site (en Chrome, por ejemplo) e informarnos sobre alguna adicional.<\/p>\n\n\n\n<h3 class=\"wp-block-heading\"><strong>Cookies de terceros:<\/strong><\/h3>\n\n\n\n<p>Esta web, como la mayor\u00eda de sitios web, incluye funcionalidades proporcionadas por terceros, por lo tanto en la pol\u00edtica de cookies de syspa social cumplimos con mensionarlas.<\/p>\n\n\n\n<p><strong>Cookies de an\u00e1lisis:<\/strong>&nbsp;Son recabadas \u00fanicamente por terceros, como por ejemplo Google Analytics, que nos permite cuantificar el n\u00famero de usuarios y as\u00ed realizar la medici\u00f3n y an\u00e1lisis estad\u00edstico de la utilizaci\u00f3n que hacen los usuarios del servicio ofertado. Para ello se analiza su navegaci\u00f3n en nuestra p\u00e1gina web con el fin de mejorar la oferta de productos o servicios que te ofrecemos.<\/p>\n\n\n\n<p><strong>Cookies publicitarias<\/strong>: Los proveedores, incluido Google Adsense, utilizan cookies para mostrar anuncios relevantes ateni\u00e9ndose las visitas anteriores de un usuario a su sitio web o a otros sitios web. Este sitio puede utilizar google y otros tipos de anuncios.<\/p>\n\n\n\n<p>El usuario puede consultar&nbsp;<a href=\"https:\/\/www.google.es\/intl\/es\/policies\/technologies\/types\/\">aqu\u00ed<\/a>&nbsp;el tipo de cookies utilizadas por Google.<\/p>\n\n\n\n<p>Los usuarios pueden inhabilitar la publicidad personalizada de Google, para ello, deber\u00e1n acceder a&nbsp;<a href=\"https:\/\/www.google.com\/settings\/ads\" target=\"_blank\" rel=\"noreferrer noopener\">Preferencias de anuncios<\/a>.<\/p>\n\n\n\n<p><strong>Cookies de redes sociales:<\/strong>&nbsp;Cada red social utiliza sus propias&nbsp;<em>cookies<\/em>&nbsp;para que usted pueda pinchar en botones del tipo&nbsp;<em>Me gusta<\/em>&nbsp;o&nbsp;<em>Compartir<\/em>. As\u00ed como en comentarios de facebook integrados en algunos de nuestros art\u00edculos.<br><br>En la Pol\u00edtica de Cookies de SYSPA SOCIAL, buscamos estas redes para estar mas conectados!<\/p>\n\n\n\n<h2 class=\"wp-block-heading\">Redes Sociales<\/h2>\n\n\n\n<p>A continuaci\u00f3n, se muestran las paginas webs de las pol\u00edticas de privacidad de las redes sociales que podr\u00edan ser utilizadas por esta web.<\/p>\n\n\n\n<ul class=\"wp-block-list\">\n<li>Twitter:\u00a0<a href=\"https:\/\/twitter.com\/privacy\" target=\"_blank\" rel=\"noreferrer noopener\">pol\u00edtica de privacidad y uso de cookies<\/a>.<\/li>\n\n\n\n<li>Linkedin:\u00a0<a href=\"https:\/\/www.linkedin.com\/legal\/cookie-policy?trk=hp-cookies\" target=\"_blank\" rel=\"noreferrer noopener\">Pol\u00edtica de cookies<\/a><\/li>\n\n\n\n<li>Facebook:\u00a0<a href=\"https:\/\/www.facebook.com\/help\/cookies?ref_type=sitefooter\" target=\"_blank\" rel=\"noreferrer noopener\">Cookie Policy<\/a><\/li>\n\n\n\n<li>Youtube:\u00a0<a href=\"https:\/\/www.google.es\/intl\/es\/policies\/technologies\/cookies\/\" target=\"_blank\" rel=\"noreferrer noopener\">Cookie Policy<\/a><\/li>\n<\/ul>\n\n\n\n<p><strong>Otras cookies:<\/strong>&nbsp;para mejorar tu experiencia y funcionalidades utilizamos componentes de terceras partes y prestaciones ofrecidas como los servicios de WordPress. Estas funcionalidades pueden requerir el uso de cookies.<\/p>\n\n\n\n<p>Debes conocer que teniendo en cuenta la forma en la que funciona Internet y los sitios web,\u00a0no siempre es posible contar con informaci\u00f3n actualizada de todas las cookies que terceras partes puedan utilizar a trav\u00e9s de este sitio web, pero vamos a ofrecerte un listado lo m\u00e1s completo posible de las mismas y en caso de que lo consideres necesario, puedes revisarlas el candadito que est\u00e1 a la izquierda de la URL del site (en Chrome, por ejemplo) e informarnos sobre alguna adicional.<\/p>\n\n\n\n<h2 class=\"wp-block-heading\">\u00bfC\u00f3mo puedo gestionar y desactivar estas cookies?<\/h2>\n\n\n\n<p>En el caso de que lo desees, cabe la posibilidad de adaptar tu navegador de modo que se te notifique antes de que se descarguen cookies.<\/p>\n\n\n\n<p>Tambi\u00e9n se puede modificar la configuraci\u00f3n del navegador de forma que rechace todas las cookies o \u00fanicamente las cookies de terceros. Tambi\u00e9n puedes eliminar cualquiera de las cookies que ya se encuentren en tu equipo.<\/p>\n\n\n\n<p>Ten en cuenta que tendr\u00e1s que adaptar por separado la configuraci\u00f3n de cada navegador y equipo que utilices.<\/p>\n\n\n\n<p>Esta web\u00a0pone a disposici\u00f3n de los usuarios que quieran impedir la instalaci\u00f3n de las mencionadas cookies, enlaces facilitados al efecto por navegadores cuyo uso se considera m\u00e1s extendido:<\/p>\n\n\n\n<p><a href=\"https:\/\/support.google.com\/chrome\/bin\/answer.py?hl=es-419&amp;answer=95647\">Google Chrome<\/a>&nbsp;\u2013&nbsp;<a rel=\"noreferrer noopener\" href=\"https:\/\/privacy.microsoft.com\/es-mx\/privacystatement\" target=\"_blank\">Internet Explorer<\/a>&nbsp;\u2013&nbsp;<a href=\"https:\/\/support.mozilla.org\/es\/kb\/habilitar-y-deshabilitar-cookies-que-los-sitios-we\">Mozilla Firefox<\/a>&nbsp;\u2013&nbsp;<a href=\"https:\/\/support.apple.com\/kb\/HT1677?viewlocale=es_ES%20%97%20http:\/\/support.apple.com\/kb\/ph5042\">Apple Safari<\/a><\/p>\n\n\n\n<p>Ademas de la Pol\u00edtica de Cookies de syspa social, tambi\u00e9n puedes ver:<br><br><a href=\"https:\/\/sergiovargassierra.com\/english\/politicas-de-privacidad\/\" target=\"_blank\" rel=\"noreferrer noopener\">Pol\u00edticas de Privacidad.<\/a><br><a href=\"https:\/\/syspasocial.com\/syspa-social-tutoriales-aviso-legal\/\" target=\"_blank\" rel=\"noreferrer noopener\">Aviso Legal.<\/a><\/p>\n\t\t\t\t\t\t\t\t<\/div>\n\t\t\t\t<\/div>\n\t\t\t\t\t<\/div>\n\t\t<\/div>\n\t\t\t\t\t<\/div>\n\t\t<\/section>\n\t\t\t\t<\/div>","protected":false},"excerpt":{"rendered":"<p>En la Pol\u00edtica de Cookies de Sergio Vargas Sierra, cumplimos con avisarte que este sitio puede recolectar informaci\u00f3n en forma autom\u00e1tica al utilizar cookies, es por esto que solicitamos con confirmaci\u00f3n y te pedimos que leas atentamente tanto las pol\u00edticas de cookies como las pol\u00edticas de privacidad, para que puedas disfrutar del contenido con total [&hellip;]<\/p>","protected":false},"author":1,"featured_media":1359,"parent":0,"menu_order":0,"comment_status":"open","ping_status":"closed","template":"elementor_canvas","meta":{"site-sidebar-layout":"default","site-content-layout":"","ast-site-content-layout":"default","site-content-style":"default","site-sidebar-style":"default","ast-global-header-display":"","ast-banner-title-visibility":"","ast-main-header-display":"","ast-hfb-above-header-display":"","ast-hfb-below-header-display":"","ast-hfb-mobile-header-display":"","site-post-title":"","ast-breadcrumbs-content":"","ast-featured-img":"","footer-sml-layout":"","ast-disable-related-posts":"","theme-transparent-header-meta":"","adv-header-id-meta":"","stick-header-meta":"","header-above-stick-meta":"","header-main-stick-meta":"","header-below-stick-meta":"","astra-migrate-meta-layouts":"set","ast-page-background-enabled":"default","ast-page-background-meta":{"desktop":{"background-color":"var(--ast-global-color-4)","background-image":"","background-repeat":"repeat","background-position":"center center","background-size":"auto","background-attachment":"scroll","background-type":"","background-media":"","overlay-type":"","overlay-color":"","overlay-opacity":"","overlay-gradient":""},"tablet":{"background-color":"","background-image":"","background-repeat":"repeat","background-position":"center center","background-size":"auto","background-attachment":"scroll","background-type":"","background-media":"","overlay-type":"","overlay-color":"","overlay-opacity":"","overlay-gradient":""},"mobile":{"background-color":"","background-image":"","background-repeat":"repeat","background-position":"center center","background-size":"auto","background-attachment":"scroll","background-type":"","background-media":"","overlay-type":"","overlay-color":"","overlay-opacity":"","overlay-gradient":""}},"ast-content-background-meta":{"desktop":{"background-color":"var(--ast-global-color-5)","background-image":"","background-repeat":"repeat","background-position":"center center","background-size":"auto","background-attachment":"scroll","background-type":"","background-media":"","overlay-type":"","overlay-color":"","overlay-opacity":"","overlay-gradient":""},"tablet":{"background-color":"var(--ast-global-color-5)","background-image":"","background-repeat":"repeat","background-position":"center center","background-size":"auto","background-attachment":"scroll","background-type":"","background-media":"","overlay-type":"","overlay-color":"","overlay-opacity":"","overlay-gradient":""},"mobile":{"background-color":"var(--ast-global-color-5)","background-image":"","background-repeat":"repeat","background-position":"center center","background-size":"auto","background-attachment":"scroll","background-type":"","background-media":"","overlay-type":"","overlay-color":"","overlay-opacity":"","overlay-gradient":""}},"footnotes":""},"class_list":["post-1342","page","type-page","status-publish","has-post-thumbnail","hentry"],"yoast_head":"<!-- This site is optimized with the Yoast SEO plugin v26.6 - https:\/\/yoast.com\/wordpress\/plugins\/seo\/ -->\n<title>Pol\u00edtica de Cookies - Sergio Vargas Sierra<\/title>\n<meta name=\"robots\" content=\"noindex, follow\" \/>\n<meta property=\"og:locale\" content=\"en_US\" \/>\n<meta property=\"og:type\" content=\"article\" \/>\n<meta property=\"og:title\" content=\"Pol\u00edtica de Cookies - Sergio Vargas Sierra\" \/>\n<meta property=\"og:description\" content=\"En la Pol\u00edtica de Cookies de Sergio Vargas Sierra, cumplimos con avisarte que este sitio puede recolectar informaci\u00f3n en forma autom\u00e1tica al utilizar cookies, es por esto que solicitamos con confirmaci\u00f3n y te pedimos que leas atentamente tanto las pol\u00edticas de cookies como las pol\u00edticas de privacidad, para que puedas disfrutar del contenido con total [&hellip;]\" \/>\n<meta property=\"og:url\" content=\"https:\/\/sergiovargassierra.com\/english\/politica-de-cookies\/\" \/>\n<meta property=\"og:site_name\" content=\"Sergio Vargas Sierra\" \/>\n<meta property=\"article:publisher\" content=\"https:\/\/www.facebook.com\/SergioVargasSierra1\" \/>\n<meta property=\"article:modified_time\" content=\"2025-12-19T04:18:18+00:00\" \/>\n<meta property=\"og:image\" content=\"https:\/\/sergiovargassierra.com\/wp-content\/uploads\/2023\/06\/Politica_-de_Cookies_consultor_en_marketing_digital_barranquilla.png\" \/>\n\t<meta property=\"og:image:width\" content=\"800\" \/>\n\t<meta property=\"og:image:height\" content=\"800\" \/>\n\t<meta property=\"og:image:type\" content=\"image\/png\" \/>\n<meta name=\"twitter:card\" content=\"summary_large_image\" \/>\n<meta name=\"twitter:site\" content=\"@sergiovargassi\" \/>\n<meta name=\"twitter:label1\" content=\"Est. reading time\" \/>\n\t<meta name=\"twitter:data1\" content=\"6 minutes\" \/>\n<script type=\"application\/ld+json\" class=\"yoast-schema-graph\">{\"@context\":\"https:\/\/schema.org\",\"@graph\":[{\"@type\":\"WebPage\",\"@id\":\"https:\/\/sergiovargassierra.com\/politica-de-cookies\/\",\"url\":\"https:\/\/sergiovargassierra.com\/politica-de-cookies\/\",\"name\":\"Pol\u00edtica de Cookies - Sergio Vargas Sierra\",\"isPartOf\":{\"@id\":\"https:\/\/sergiovargassierra.com\/#website\"},\"primaryImageOfPage\":{\"@id\":\"https:\/\/sergiovargassierra.com\/politica-de-cookies\/#primaryimage\"},\"image\":{\"@id\":\"https:\/\/sergiovargassierra.com\/politica-de-cookies\/#primaryimage\"},\"thumbnailUrl\":\"https:\/\/sergiovargassierra.com\/wp-content\/uploads\/2023\/06\/Politica_-de_Cookies_consultor_en_marketing_digital_barranquilla.png\",\"datePublished\":\"2023-06-29T15:40:57+00:00\",\"dateModified\":\"2025-12-19T04:18:18+00:00\",\"breadcrumb\":{\"@id\":\"https:\/\/sergiovargassierra.com\/politica-de-cookies\/#breadcrumb\"},\"inLanguage\":\"en-US\",\"potentialAction\":[{\"@type\":\"ReadAction\",\"target\":[\"https:\/\/sergiovargassierra.com\/politica-de-cookies\/\"]}]},{\"@type\":\"ImageObject\",\"inLanguage\":\"en-US\",\"@id\":\"https:\/\/sergiovargassierra.com\/politica-de-cookies\/#primaryimage\",\"url\":\"https:\/\/sergiovargassierra.com\/wp-content\/uploads\/2023\/06\/Politica_-de_Cookies_consultor_en_marketing_digital_barranquilla.png\",\"contentUrl\":\"https:\/\/sergiovargassierra.com\/wp-content\/uploads\/2023\/06\/Politica_-de_Cookies_consultor_en_marketing_digital_barranquilla.png\",\"width\":800,\"height\":800,\"caption\":\"Pol\u00edtica de Cookies, consultor en marketing digital, barranquilla\"},{\"@type\":\"BreadcrumbList\",\"@id\":\"https:\/\/sergiovargassierra.com\/politica-de-cookies\/#breadcrumb\",\"itemListElement\":[{\"@type\":\"ListItem\",\"position\":1,\"name\":\"Inicio\",\"item\":\"https:\/\/sergiovargassierra.com\/\"},{\"@type\":\"ListItem\",\"position\":2,\"name\":\"Pol\u00edtica de Cookies\"}]},{\"@type\":\"WebSite\",\"@id\":\"https:\/\/sergiovargassierra.com\/#website\",\"url\":\"https:\/\/sergiovargassierra.com\/\",\"name\":\"Sergio Vargas Sierra\",\"description\":\"Consultor en Marketing Digital Barranquilla Sergio Vargas Sierra\",\"publisher\":{\"@id\":\"https:\/\/sergiovargassierra.com\/#\/schema\/person\/9a3f13c8b1167b2e623384cec233fa6a\"},\"alternateName\":\"svs marketing digital\",\"potentialAction\":[{\"@type\":\"SearchAction\",\"target\":{\"@type\":\"EntryPoint\",\"urlTemplate\":\"https:\/\/sergiovargassierra.com\/?s={search_term_string}\"},\"query-input\":{\"@type\":\"PropertyValueSpecification\",\"valueRequired\":true,\"valueName\":\"search_term_string\"}}],\"inLanguage\":\"en-US\"},{\"@type\":[\"Person\",\"Organization\"],\"@id\":\"https:\/\/sergiovargassierra.com\/#\/schema\/person\/9a3f13c8b1167b2e623384cec233fa6a\",\"name\":\"sergiovargassierra@gmail.com\",\"pronouns\":\"he\/him\",\"image\":{\"@type\":\"ImageObject\",\"inLanguage\":\"en-US\",\"@id\":\"https:\/\/sergiovargassierra.com\/#\/schema\/person\/image\/\",\"url\":\"https:\/\/sergiovargassierra.com\/wp-content\/uploads\/2023\/05\/cropped-cropped-LOGO-WEB2-1.jpg\",\"contentUrl\":\"https:\/\/sergiovargassierra.com\/wp-content\/uploads\/2023\/05\/cropped-cropped-LOGO-WEB2-1.jpg\",\"width\":512,\"height\":294,\"caption\":\"sergiovargassierra@gmail.com\"},\"logo\":{\"@id\":\"https:\/\/sergiovargassierra.com\/#\/schema\/person\/image\/\"},\"description\":\"Sergio Vargas Sierra es Consultor de Marketing Digital especializado en Meta Ads y Google Ads con certificaci\u00f3n oficial de ambas plataformas. Ha gestionado m\u00e1s de $5,000,000 USD en presupuesto publicitario con enfoque en rentabilidad y ROI comprobado. Especialista en construcci\u00f3n de sistemas de ventas para e-commerce, servicios locales y nichos competitivos. Desarrolla estrategias validadas en USA, Europa y Latinoam\u00e9rica que transforman presupuestos publicitarios en clientes reales y flujo de caja predecible. Su metodolog\u00eda combina arquitectura de embudos, optimizaci\u00f3n de campa\u00f1as y an\u00e1lisis de datos avanzado para escalar negocios sin depender del algoritmo. Trabaja con empresas que buscan rentabilidad digital y un socio estrat\u00e9gico comprometido con resultados medibles. Ubicaci\u00f3n: Barranquilla, Colombia | Cobertura: Global\",\"sameAs\":[\"http:\/\/sergiovargassierra.com\",\"https:\/\/www.facebook.com\/SergioVargasSierra1\",\"https:\/\/instagram.com\/SergioVargasSierra\",\"https:\/\/linkedin.com\/in\/sergiovargassierra\",\"https:\/\/www.youtube.com\/@SergioVargasSierra\"]}]}<\/script>\n<!-- \/ Yoast SEO plugin. -->","yoast_head_json":{"title":"Pol\u00edtica de Cookies - Sergio Vargas Sierra","robots":{"index":"noindex","follow":"follow"},"og_locale":"en_US","og_type":"article","og_title":"Pol\u00edtica de Cookies - Sergio Vargas Sierra","og_description":"En la Pol\u00edtica de Cookies de Sergio Vargas Sierra, cumplimos con avisarte que este sitio puede recolectar informaci\u00f3n en forma autom\u00e1tica al utilizar cookies, es por esto que solicitamos con confirmaci\u00f3n y te pedimos que leas atentamente tanto las pol\u00edticas de cookies como las pol\u00edticas de privacidad, para que puedas disfrutar del contenido con total [&hellip;]","og_url":"https:\/\/sergiovargassierra.com\/english\/politica-de-cookies\/","og_site_name":"Sergio Vargas Sierra","article_publisher":"https:\/\/www.facebook.com\/SergioVargasSierra1","article_modified_time":"2025-12-19T04:18:18+00:00","og_image":[{"width":800,"height":800,"url":"https:\/\/sergiovargassierra.com\/wp-content\/uploads\/2023\/06\/Politica_-de_Cookies_consultor_en_marketing_digital_barranquilla.png","type":"image\/png"}],"twitter_card":"summary_large_image","twitter_site":"@sergiovargassi","twitter_misc":{"Est. reading time":"6 minutes"},"schema":{"@context":"https:\/\/schema.org","@graph":[{"@type":"WebPage","@id":"https:\/\/sergiovargassierra.com\/politica-de-cookies\/","url":"https:\/\/sergiovargassierra.com\/politica-de-cookies\/","name":"Pol\u00edtica de Cookies - Sergio Vargas Sierra","isPartOf":{"@id":"https:\/\/sergiovargassierra.com\/#website"},"primaryImageOfPage":{"@id":"https:\/\/sergiovargassierra.com\/politica-de-cookies\/#primaryimage"},"image":{"@id":"https:\/\/sergiovargassierra.com\/politica-de-cookies\/#primaryimage"},"thumbnailUrl":"https:\/\/sergiovargassierra.com\/wp-content\/uploads\/2023\/06\/Politica_-de_Cookies_consultor_en_marketing_digital_barranquilla.png","datePublished":"2023-06-29T15:40:57+00:00","dateModified":"2025-12-19T04:18:18+00:00","breadcrumb":{"@id":"https:\/\/sergiovargassierra.com\/politica-de-cookies\/#breadcrumb"},"inLanguage":"en-US","potentialAction":[{"@type":"ReadAction","target":["https:\/\/sergiovargassierra.com\/politica-de-cookies\/"]}]},{"@type":"ImageObject","inLanguage":"en-US","@id":"https:\/\/sergiovargassierra.com\/politica-de-cookies\/#primaryimage","url":"https:\/\/sergiovargassierra.com\/wp-content\/uploads\/2023\/06\/Politica_-de_Cookies_consultor_en_marketing_digital_barranquilla.png","contentUrl":"https:\/\/sergiovargassierra.com\/wp-content\/uploads\/2023\/06\/Politica_-de_Cookies_consultor_en_marketing_digital_barranquilla.png","width":800,"height":800,"caption":"Pol\u00edtica de Cookies, consultor en marketing digital, barranquilla"},{"@type":"BreadcrumbList","@id":"https:\/\/sergiovargassierra.com\/politica-de-cookies\/#breadcrumb","itemListElement":[{"@type":"ListItem","position":1,"name":"Inicio","item":"https:\/\/sergiovargassierra.com\/"},{"@type":"ListItem","position":2,"name":"Pol\u00edtica de Cookies"}]},{"@type":"WebSite","@id":"https:\/\/sergiovargassierra.com\/#website","url":"https:\/\/sergiovargassierra.com\/","name":"Stop chasing likes. I implement proven strategies in the USA, Europe, and Latam to make your advertising profitable and bring real clients.","description":"Consultor en Marketing Digital Barranquilla Sergio Vargas Sierra","publisher":{"@id":"https:\/\/sergiovargassierra.com\/#\/schema\/person\/9a3f13c8b1167b2e623384cec233fa6a"},"alternateName":"svs marketing digital","potentialAction":[{"@type":"SearchAction","target":{"@type":"EntryPoint","urlTemplate":"https:\/\/sergiovargassierra.com\/?s={search_term_string}"},"query-input":{"@type":"PropertyValueSpecification","valueRequired":true,"valueName":"search_term_string"}}],"inLanguage":"en-US"},{"@type":["Person","Organization"],"@id":"https:\/\/sergiovargassierra.com\/#\/schema\/person\/9a3f13c8b1167b2e623384cec233fa6a","name":"sergiovargassierra@gmail.com","pronouns":"he\/him","image":{"@type":"ImageObject","inLanguage":"en-US","@id":"https:\/\/sergiovargassierra.com\/#\/schema\/person\/image\/","url":"https:\/\/sergiovargassierra.com\/wp-content\/uploads\/2023\/05\/cropped-cropped-LOGO-WEB2-1.jpg","contentUrl":"https:\/\/sergiovargassierra.com\/wp-content\/uploads\/2023\/05\/cropped-cropped-LOGO-WEB2-1.jpg","width":512,"height":294,"caption":"sergiovargassierra@gmail.com"},"logo":{"@id":"https:\/\/sergiovargassierra.com\/#\/schema\/person\/image\/"},"description":"Sergio Vargas Sierra es Consultor de Marketing Digital especializado en Meta Ads y Google Ads con certificaci\u00f3n oficial de ambas plataformas. Ha gestionado m\u00e1s de $5,000,000 USD en presupuesto publicitario con enfoque en rentabilidad y ROI comprobado. Especialista en construcci\u00f3n de sistemas de ventas para e-commerce, servicios locales y nichos competitivos. Desarrolla estrategias validadas en USA, Europa y Latinoam\u00e9rica que transforman presupuestos publicitarios en clientes reales y flujo de caja predecible. Su metodolog\u00eda combina arquitectura de embudos, optimizaci\u00f3n de campa\u00f1as y an\u00e1lisis de datos avanzado para escalar negocios sin depender del algoritmo. Trabaja con empresas que buscan rentabilidad digital y un socio estrat\u00e9gico comprometido con resultados medibles. Ubicaci\u00f3n: Barranquilla, Colombia | Cobertura: Global","sameAs":["http:\/\/sergiovargassierra.com","https:\/\/www.facebook.com\/SergioVargasSierra1","https:\/\/instagram.com\/SergioVargasSierra","https:\/\/linkedin.com\/in\/sergiovargassierra","https:\/\/www.youtube.com\/@SergioVargasSierra"]}]}},"_links":{"self":[{"href":"https:\/\/sergiovargassierra.com\/english\/wp-json\/wp\/v2\/pages\/1342","targetHints":{"allow":["GET"]}}],"collection":[{"href":"https:\/\/sergiovargassierra.com\/english\/wp-json\/wp\/v2\/pages"}],"about":[{"href":"https:\/\/sergiovargassierra.com\/english\/wp-json\/wp\/v2\/types\/page"}],"author":[{"embeddable":true,"href":"https:\/\/sergiovargassierra.com\/english\/wp-json\/wp\/v2\/users\/1"}],"replies":[{"embeddable":true,"href":"https:\/\/sergiovargassierra.com\/english\/wp-json\/wp\/v2\/comments?post=1342"}],"version-history":[{"count":17,"href":"https:\/\/sergiovargassierra.com\/english\/wp-json\/wp\/v2\/pages\/1342\/revisions"}],"predecessor-version":[{"id":2552,"href":"https:\/\/sergiovargassierra.com\/english\/wp-json\/wp\/v2\/pages\/1342\/revisions\/2552"}],"wp:featuredmedia":[{"embeddable":true,"href":"https:\/\/sergiovargassierra.com\/english\/wp-json\/wp\/v2\/media\/1359"}],"wp:attachment":[{"href":"https:\/\/sergiovargassierra.com\/english\/wp-json\/wp\/v2\/media?parent=1342"}],"curies":[{"name":"wp","href":"https:\/\/api.w.org\/{rel}","templated":true}]}}